{"id":1147,"date":"2020-10-22T17:45:09","date_gmt":"2020-10-22T20:45:09","guid":{"rendered":"https:\/\/mgstecnologia.com.br\/?post_type=product&#038;p=1147"},"modified":"2021-10-24T23:32:11","modified_gmt":"2021-10-25T02:32:11","slug":"all-test-pro-7-professional","status":"publish","type":"product","link":"https:\/\/mgstecnologia.com.br\/index.php\/product\/all-test-pro-7-professional\/","title":{"rendered":"ALL-TEST PRO 7\u2122 PROFESSIONAL"},"content":{"rendered":"<p style=\"text-align: justify;\">ALL-TEST PRO 7 \u2122 PROFESSIONAL<br \/>\nInstrumento de teste de an\u00e1lise de circuito de motor desenergizado (MCA) \u2122<br \/>\nO ALL-TEST PRO 7 \u2122 PROFESSIONAL usa nossa tecnologia comprovada e patenteada para olhar al\u00e9m dos m\u00e9todos de teste de vibra\u00e7\u00e3o, temperatura e ultrassom &#8211; fornecendo respostas instant\u00e2neas sobre a sa\u00fade do seu motor. Ele representa a nossa 7\u00aa gera\u00e7\u00e3o em inova\u00e7\u00e3o de produtos que garante a confiabilidade dos motores em campo e ajuda a maximizar a produtividade das equipes de manuten\u00e7\u00e3o em todos os lugares.<\/p>\n<p style=\"text-align: justify;\">Teste facilmente a indu\u00e7\u00e3o AC com esta ferramenta port\u00e1til de alta tecnologia e qualidade superior. Com nossa tecnologia patenteada, criamos uma ferramenta eficiente e abrangente que detecta qualquer anormalidade no maquin\u00e1rio instantaneamente. Saiba mais sobre como este produto pode beneficiar voc\u00ea e sua empresa abaixo.<\/p>\n","protected":false},"excerpt":{"rendered":"<p style=\"text-align: justify;\">ALL-TEST PRO 7 \u2122 PROFESSIONAL<br \/>\nInstrumento de teste de an\u00e1lise de circuito de motor desenergizado (MCA) \u2122<br \/>\nO ALL-TEST PRO 7 \u2122 PROFESSIONAL usa nossa tecnologia comprovada e patenteada para olhar al\u00e9m dos m\u00e9todos de teste de vibra\u00e7\u00e3o, temperatura e ultrassom &#8211; fornecendo respostas instant\u00e2neas sobre a sa\u00fade do seu motor. Ele representa a nossa 7\u00aa gera\u00e7\u00e3o em inova\u00e7\u00e3o de produtos que garante a confiabilidade dos motores em campo e ajuda a maximizar a produtividade das equipes de manuten\u00e7\u00e3o em todos os lugares.<\/p>\n<p style=\"text-align: justify;\">Teste facilmente a indu\u00e7\u00e3o AC com esta ferramenta port\u00e1til de alta tecnologia e qualidade superior. Com nossa tecnologia patenteada, criamos uma ferramenta eficiente e abrangente que detecta qualquer anormalidade no maquin\u00e1rio instantaneamente. Saiba mais sobre como este produto pode beneficiar voc\u00ea e sua empresa abaixo.<\/p>\n<p><a class=\"wprt-button small rounded-3px\" href=\"mailto:info@pruftechnik.com.br\">FAZER OR\u00c7AMENTO<\/a><\/p>\n","protected":false},"featured_media":1286,"comment_status":"open","ping_status":"closed","template":"","meta":{"_vp_format_video_url":"","_vp_image_focal_point":[]},"product_brand":[],"product_cat":[15],"product_tag":[],"class_list":{"0":"post-1147","1":"product","2":"type-product","3":"status-publish","4":"has-post-thumbnail","6":"product_cat-uncategorized","8":"first","9":"instock","10":"shipping-taxable","11":"product-type-simple"},"yoast_head":"<!-- This site is optimized with the Yoast SEO plugin v24.7 - https:\/\/yoast.com\/wordpress\/plugins\/seo\/ -->\n<title>ALL-TEST PRO 7\u2122 PROFESSIONAL - MGS<\/title>\n<meta name=\"robots\" content=\"index, follow, max-snippet:-1, max-image-preview:large, max-video-preview:-1\" \/>\n<link rel=\"canonical\" href=\"https:\/\/mgstecnologia.com.br\/index.php\/product\/all-test-pro-7-professional\/\" \/>\n<meta property=\"og:locale\" content=\"pt_BR\" \/>\n<meta property=\"og:type\" content=\"article\" \/>\n<meta property=\"og:title\" content=\"ALL-TEST PRO 7\u2122 PROFESSIONAL - MGS\" \/>\n<meta property=\"og:description\" content=\"ALL-TEST PRO 7 \u2122 PROFESSIONAL Instrumento de teste de an\u00e1lise de circuito de motor desenergizado (MCA) \u2122 O ALL-TEST PRO 7 \u2122 PROFESSIONAL usa nossa tecnologia comprovada e patenteada para olhar al\u00e9m dos m\u00e9todos de teste de vibra\u00e7\u00e3o, temperatura e ultrassom - fornecendo respostas instant\u00e2neas sobre a sa\u00fade do seu motor. Ele representa a nossa 7\u00aa gera\u00e7\u00e3o em inova\u00e7\u00e3o de produtos que garante a confiabilidade dos motores em campo e ajuda a maximizar a produtividade das equipes de manuten\u00e7\u00e3o em todos os lugares. Teste facilmente a indu\u00e7\u00e3o AC com esta ferramenta port\u00e1til de alta tecnologia e qualidade superior. Com nossa tecnologia patenteada, criamos uma ferramenta eficiente e abrangente que detecta qualquer anormalidade no maquin\u00e1rio instantaneamente. Saiba mais sobre como este produto pode beneficiar voc\u00ea e sua empresa abaixo. FAZER OR\u00c7AMENTO\" \/>\n<meta property=\"og:url\" content=\"https:\/\/mgstecnologia.com.br\/index.php\/product\/all-test-pro-7-professional\/\" \/>\n<meta property=\"og:site_name\" content=\"MGS\" \/>\n<meta property=\"article:modified_time\" content=\"2021-10-25T02:32:11+00:00\" \/>\n<meta property=\"og:image\" content=\"https:\/\/mgstecnologia.com.br\/wp-content\/uploads\/2020\/10\/ALL-TEST-PRO-7\u2122-PROFESSIONAL-FOTO-DA-CAPA-PRINCIPAL-scaled.jpg\" \/>\n\t<meta property=\"og:image:width\" content=\"2255\" \/>\n\t<meta property=\"og:image:height\" content=\"2560\" \/>\n\t<meta property=\"og:image:type\" content=\"image\/jpeg\" \/>\n<meta name=\"twitter:card\" content=\"summary_large_image\" \/>\n<meta name=\"twitter:label1\" content=\"Est. tempo de leitura\" \/>\n\t<meta name=\"twitter:data1\" content=\"1 minuto\" \/>\n<script type=\"application\/ld+json\" class=\"yoast-schema-graph\">{\"@context\":\"https:\/\/schema.org\",\"@graph\":[{\"@type\":\"WebPage\",\"@id\":\"https:\/\/mgstecnologia.com.br\/index.php\/product\/all-test-pro-7-professional\/\",\"url\":\"https:\/\/mgstecnologia.com.br\/index.php\/product\/all-test-pro-7-professional\/\",\"name\":\"ALL-TEST PRO 7\u2122 PROFESSIONAL - MGS\",\"isPartOf\":{\"@id\":\"https:\/\/mgstecnologia.com.br\/#website\"},\"primaryImageOfPage\":{\"@id\":\"https:\/\/mgstecnologia.com.br\/index.php\/product\/all-test-pro-7-professional\/#primaryimage\"},\"image\":{\"@id\":\"https:\/\/mgstecnologia.com.br\/index.php\/product\/all-test-pro-7-professional\/#primaryimage\"},\"thumbnailUrl\":\"https:\/\/mgstecnologia.com.br\/wp-content\/uploads\/2020\/10\/ALL-TEST-PRO-7\u2122-PROFESSIONAL-FOTO-DA-CAPA-PRINCIPAL-scaled.jpg\",\"datePublished\":\"2020-10-22T20:45:09+00:00\",\"dateModified\":\"2021-10-25T02:32:11+00:00\",\"breadcrumb\":{\"@id\":\"https:\/\/mgstecnologia.com.br\/index.php\/product\/all-test-pro-7-professional\/#breadcrumb\"},\"inLanguage\":\"pt-BR\",\"potentialAction\":[{\"@type\":\"ReadAction\",\"target\":[\"https:\/\/mgstecnologia.com.br\/index.php\/product\/all-test-pro-7-professional\/\"]}]},{\"@type\":\"ImageObject\",\"inLanguage\":\"pt-BR\",\"@id\":\"https:\/\/mgstecnologia.com.br\/index.php\/product\/all-test-pro-7-professional\/#primaryimage\",\"url\":\"https:\/\/mgstecnologia.com.br\/wp-content\/uploads\/2020\/10\/ALL-TEST-PRO-7\u2122-PROFESSIONAL-FOTO-DA-CAPA-PRINCIPAL-scaled.jpg\",\"contentUrl\":\"https:\/\/mgstecnologia.com.br\/wp-content\/uploads\/2020\/10\/ALL-TEST-PRO-7\u2122-PROFESSIONAL-FOTO-DA-CAPA-PRINCIPAL-scaled.jpg\",\"width\":2255,\"height\":2560,\"caption\":\"OLYMPUS DIGITAL CAMERA\"},{\"@type\":\"BreadcrumbList\",\"@id\":\"https:\/\/mgstecnologia.com.br\/index.php\/product\/all-test-pro-7-professional\/#breadcrumb\",\"itemListElement\":[{\"@type\":\"ListItem\",\"position\":1,\"name\":\"In\u00edcio\",\"item\":\"https:\/\/mgstecnologia.com.br\/\"},{\"@type\":\"ListItem\",\"position\":2,\"name\":\"Produtos\",\"item\":\"https:\/\/mgstecnologia.com.br\/index.php\/shop-2\/\"},{\"@type\":\"ListItem\",\"position\":3,\"name\":\"ALL-TEST PRO 7\u2122 PROFESSIONAL\"}]},{\"@type\":\"WebSite\",\"@id\":\"https:\/\/mgstecnologia.com.br\/#website\",\"url\":\"https:\/\/mgstecnologia.com.br\/\",\"name\":\"MGS\",\"description\":\"\",\"potentialAction\":[{\"@type\":\"SearchAction\",\"target\":{\"@type\":\"EntryPoint\",\"urlTemplate\":\"https:\/\/mgstecnologia.com.br\/?s={search_term_string}\"},\"query-input\":{\"@type\":\"PropertyValueSpecification\",\"valueRequired\":true,\"valueName\":\"search_term_string\"}}],\"inLanguage\":\"pt-BR\"}]}<\/script>\n<!-- \/ Yoast SEO plugin. -->","yoast_head_json":{"title":"ALL-TEST PRO 7\u2122 PROFESSIONAL - MGS","robots":{"index":"index","follow":"follow","max-snippet":"max-snippet:-1","max-image-preview":"max-image-preview:large","max-video-preview":"max-video-preview:-1"},"canonical":"https:\/\/mgstecnologia.com.br\/index.php\/product\/all-test-pro-7-professional\/","og_locale":"pt_BR","og_type":"article","og_title":"ALL-TEST PRO 7\u2122 PROFESSIONAL - MGS","og_description":"ALL-TEST PRO 7 \u2122 PROFESSIONAL Instrumento de teste de an\u00e1lise de circuito de motor desenergizado (MCA) \u2122 O ALL-TEST PRO 7 \u2122 PROFESSIONAL usa nossa tecnologia comprovada e patenteada para olhar al\u00e9m dos m\u00e9todos de teste de vibra\u00e7\u00e3o, temperatura e ultrassom - fornecendo respostas instant\u00e2neas sobre a sa\u00fade do seu motor. Ele representa a nossa 7\u00aa gera\u00e7\u00e3o em inova\u00e7\u00e3o de produtos que garante a confiabilidade dos motores em campo e ajuda a maximizar a produtividade das equipes de manuten\u00e7\u00e3o em todos os lugares. Teste facilmente a indu\u00e7\u00e3o AC com esta ferramenta port\u00e1til de alta tecnologia e qualidade superior. Com nossa tecnologia patenteada, criamos uma ferramenta eficiente e abrangente que detecta qualquer anormalidade no maquin\u00e1rio instantaneamente. Saiba mais sobre como este produto pode beneficiar voc\u00ea e sua empresa abaixo. FAZER OR\u00c7AMENTO","og_url":"https:\/\/mgstecnologia.com.br\/index.php\/product\/all-test-pro-7-professional\/","og_site_name":"MGS","article_modified_time":"2021-10-25T02:32:11+00:00","og_image":[{"width":2255,"height":2560,"url":"https:\/\/mgstecnologia.com.br\/wp-content\/uploads\/2020\/10\/ALL-TEST-PRO-7\u2122-PROFESSIONAL-FOTO-DA-CAPA-PRINCIPAL-scaled.jpg","type":"image\/jpeg"}],"twitter_card":"summary_large_image","twitter_misc":{"Est. tempo de leitura":"1 minuto"},"schema":{"@context":"https:\/\/schema.org","@graph":[{"@type":"WebPage","@id":"https:\/\/mgstecnologia.com.br\/index.php\/product\/all-test-pro-7-professional\/","url":"https:\/\/mgstecnologia.com.br\/index.php\/product\/all-test-pro-7-professional\/","name":"ALL-TEST PRO 7\u2122 PROFESSIONAL - MGS","isPartOf":{"@id":"https:\/\/mgstecnologia.com.br\/#website"},"primaryImageOfPage":{"@id":"https:\/\/mgstecnologia.com.br\/index.php\/product\/all-test-pro-7-professional\/#primaryimage"},"image":{"@id":"https:\/\/mgstecnologia.com.br\/index.php\/product\/all-test-pro-7-professional\/#primaryimage"},"thumbnailUrl":"https:\/\/mgstecnologia.com.br\/wp-content\/uploads\/2020\/10\/ALL-TEST-PRO-7\u2122-PROFESSIONAL-FOTO-DA-CAPA-PRINCIPAL-scaled.jpg","datePublished":"2020-10-22T20:45:09+00:00","dateModified":"2021-10-25T02:32:11+00:00","breadcrumb":{"@id":"https:\/\/mgstecnologia.com.br\/index.php\/product\/all-test-pro-7-professional\/#breadcrumb"},"inLanguage":"pt-BR","potentialAction":[{"@type":"ReadAction","target":["https:\/\/mgstecnologia.com.br\/index.php\/product\/all-test-pro-7-professional\/"]}]},{"@type":"ImageObject","inLanguage":"pt-BR","@id":"https:\/\/mgstecnologia.com.br\/index.php\/product\/all-test-pro-7-professional\/#primaryimage","url":"https:\/\/mgstecnologia.com.br\/wp-content\/uploads\/2020\/10\/ALL-TEST-PRO-7\u2122-PROFESSIONAL-FOTO-DA-CAPA-PRINCIPAL-scaled.jpg","contentUrl":"https:\/\/mgstecnologia.com.br\/wp-content\/uploads\/2020\/10\/ALL-TEST-PRO-7\u2122-PROFESSIONAL-FOTO-DA-CAPA-PRINCIPAL-scaled.jpg","width":2255,"height":2560,"caption":"OLYMPUS DIGITAL CAMERA"},{"@type":"BreadcrumbList","@id":"https:\/\/mgstecnologia.com.br\/index.php\/product\/all-test-pro-7-professional\/#breadcrumb","itemListElement":[{"@type":"ListItem","position":1,"name":"In\u00edcio","item":"https:\/\/mgstecnologia.com.br\/"},{"@type":"ListItem","position":2,"name":"Produtos","item":"https:\/\/mgstecnologia.com.br\/index.php\/shop-2\/"},{"@type":"ListItem","position":3,"name":"ALL-TEST PRO 7\u2122 PROFESSIONAL"}]},{"@type":"WebSite","@id":"https:\/\/mgstecnologia.com.br\/#website","url":"https:\/\/mgstecnologia.com.br\/","name":"MGS","description":"","potentialAction":[{"@type":"SearchAction","target":{"@type":"EntryPoint","urlTemplate":"https:\/\/mgstecnologia.com.br\/?s={search_term_string}"},"query-input":{"@type":"PropertyValueSpecification","valueRequired":true,"valueName":"search_term_string"}}],"inLanguage":"pt-BR"}]}},"_links":{"self":[{"href":"https:\/\/mgstecnologia.com.br\/index.php\/wp-json\/wp\/v2\/product\/1147","targetHints":{"allow":["GET"]}}],"collection":[{"href":"https:\/\/mgstecnologia.com.br\/index.php\/wp-json\/wp\/v2\/product"}],"about":[{"href":"https:\/\/mgstecnologia.com.br\/index.php\/wp-json\/wp\/v2\/types\/product"}],"replies":[{"embeddable":true,"href":"https:\/\/mgstecnologia.com.br\/index.php\/wp-json\/wp\/v2\/comments?post=1147"}],"wp:featuredmedia":[{"embeddable":true,"href":"https:\/\/mgstecnologia.com.br\/index.php\/wp-json\/wp\/v2\/media\/1286"}],"wp:attachment":[{"href":"https:\/\/mgstecnologia.com.br\/index.php\/wp-json\/wp\/v2\/media?parent=1147"}],"wp:term":[{"taxonomy":"product_brand","embeddable":true,"href":"https:\/\/mgstecnologia.com.br\/index.php\/wp-json\/wp\/v2\/product_brand?post=1147"},{"taxonomy":"product_cat","embeddable":true,"href":"https:\/\/mgstecnologia.com.br\/index.php\/wp-json\/wp\/v2\/product_cat?post=1147"},{"taxonomy":"product_tag","embeddable":true,"href":"https:\/\/mgstecnologia.com.br\/index.php\/wp-json\/wp\/v2\/product_tag?post=1147"}],"curies":[{"name":"wp","href":"https:\/\/api.w.org\/{rel}","templated":true}]}}